{"id":118,"date":"2021-01-08T10:50:38","date_gmt":"2021-01-08T13:50:38","guid":{"rendered":"https:\/\/henaltank.cl\/en\/?page_id=118"},"modified":"2021-02-12T10:33:20","modified_gmt":"2021-02-12T13:33:20","slug":"compania","status":"publish","type":"page","link":"https:\/\/henaltank.cl\/en\/compania\/","title":{"rendered":"Compa\u00f1ia"},"content":{"rendered":"<p>[et_pb_section fb_built=&#8221;1&#8243; _builder_version=&#8221;4.7.6&#8243; _module_preset=&#8221;default&#8221; custom_padding=&#8221;4px||10px|||&#8221; da_disable_devices=&#8221;off|off|off&#8221; da_is_popup=&#8221;off&#8221; da_exit_intent=&#8221;off&#8221; da_has_close=&#8221;on&#8221; da_alt_close=&#8221;off&#8221; da_dark_close=&#8221;off&#8221; da_not_modal=&#8221;on&#8221; da_is_singular=&#8221;off&#8221; da_with_loader=&#8221;off&#8221; da_has_shadow=&#8221;on&#8221;][et_pb_row _builder_version=&#8221;4.7.6&#8243; _module_preset=&#8221;default&#8221; background_color=&#8221;#c9c9c9&#8243; width=&#8221;100{d01df5ed62fb396c47b4c478439960f5cd80027727765a84598d15b9032f8564}&#8221; custom_padding=&#8221;6px||4px|||&#8221;][et_pb_column type=&#8221;4_4&#8243; _builder_version=&#8221;4.7.6&#8243; _module_preset=&#8221;default&#8221;][et_pb_text _builder_version=&#8221;4.7.6&#8243; _module_preset=&#8221;default&#8221;]<\/p>\n<p><span class=\"et-pb-icon\" style=\"font-size: 12px;\">\u00a0 \ue076<\/span> <strong><a href=\"mailto:ventas@henaltank.cl\">ventas@henaltank.cl<\/a>\u00a0<\/strong> \u00a0<span class=\"et-pb-icon\" style=\"font-size: 13px;\">\u00a0\ue00b<\/span>\u00a0<strong><a href=\"tel:+56949488083\">+56 9 4948 8083<\/a><\/strong><\/p>\n<p>[\/et_pb_text][\/et_pb_column][\/et_pb_row][et_pb_row column_structure=&#8221;3_5,2_5&#8243; use_custom_gutter=&#8221;on&#8221; gutter_width=&#8221;1&#8243; _builder_version=&#8221;4.7.6&#8243; _module_preset=&#8221;default&#8221; width=&#8221;100{d01df5ed62fb396c47b4c478439960f5cd80027727765a84598d15b9032f8564}&#8221;][et_pb_column type=&#8221;3_5&#8243; _builder_version=&#8221;4.7.6&#8243; _module_preset=&#8221;default&#8221;][et_pb_image src=&#8221;https:\/\/henaltank.cl\/en\/wp-content\/uploads\/2021\/01\/logo-henaltank.png&#8221; title_text=&#8221;logo henaltank&#8221; _builder_version=&#8221;4.7.6&#8243; _module_preset=&#8221;default&#8221; custom_margin=&#8221;||-9px|||&#8221;][\/et_pb_image][\/et_pb_column][et_pb_column type=&#8221;2_5&#8243; _builder_version=&#8221;4.7.6&#8243; _module_preset=&#8221;default&#8221;][et_pb_text _builder_version=&#8221;4.7.6&#8243; _module_preset=&#8221;default&#8221; custom_margin=&#8221;|||100px|false|false&#8221; custom_margin_tablet=&#8221;&#8221; custom_margin_phone=&#8221;|||50px|false|false&#8221; custom_margin_last_edited=&#8221;on|phone&#8221;]<\/p>\n<p>\u00a0 \u00a0 \u00a0 \u00a0 \u00a0 \u00a0 \u00a0 \u00a0 \u00a0 \u00a0<img loading=\"lazy\" src=\"https:\/\/henaltank.cl\/en\/wp-content\/uploads\/2021\/01\/005-spain.png\" width=\"120\" height=\"32\" alt=\"\" style=\"align: right;\" \/> <img loading=\"lazy\" src=\"https:\/\/henaltank.cl\/en\/wp-content\/uploads\/2021\/01\/005-united-kingdom-1.png\" width=\"120\" height=\"32\" alt=\"\" style=\"align: right;\" \/><\/p>\n<p>[\/et_pb_text][et_pb_text _builder_version=&#8221;4.7.6&#8243; _module_preset=&#8221;default&#8221; text_orientation=&#8221;right&#8221;]<\/p>\n<p><img loading=\"lazy\" src=\"https:\/\/henaltank.cl\/en\/wp-content\/uploads\/2021\/01\/ig.png\" width=\"60\" height=\"60\" alt=\"\" class=\"wp-image-247 alignnone size-full\" style=\"float: right;\" \/> <img loading=\"lazy\" src=\"https:\/\/henaltank.cl\/en\/wp-content\/uploads\/2021\/01\/wp.png\" width=\"60\" height=\"60\" alt=\"\" class=\"wp-image-246 alignnone size-full\" style=\"float: right;\" \/> <img loading=\"lazy\" src=\"https:\/\/henaltank.cl\/en\/wp-content\/uploads\/2021\/01\/002-facebook-1.png\" width=\"60\" height=\"60\" alt=\"\" class=\"wp-image-245 alignnone size-full\" style=\"float: right;\" \/><\/p>\n<p>[\/et_pb_text][\/et_pb_column][\/et_pb_row][et_pb_row disabled_on=&#8221;off|on|on&#8221; _builder_version=&#8221;4.7.6&#8243; _module_preset=&#8221;default&#8221;][et_pb_column type=&#8221;4_4&#8243; _builder_version=&#8221;4.7.6&#8243; _module_preset=&#8221;default&#8221;][et_pb_menu _builder_version=&#8221;4.7.6&#8243; _module_preset=&#8221;default&#8221;][\/et_pb_menu][\/et_pb_column][\/et_pb_row][et_pb_row _builder_version=&#8221;4.7.6&#8243; _module_preset=&#8221;default&#8221; custom_padding=&#8221;3px||14px|||&#8221;][et_pb_column type=&#8221;4_4&#8243; _builder_version=&#8221;4.7.6&#8243; _module_preset=&#8221;default&#8221;][et_pb_image src=&#8221;https:\/\/henaltank.cl\/en\/wp-content\/uploads\/2021\/01\/fondocompa\u00f1ia.jpg&#8221; title_text=&#8221;fondocompa\u00f1ia&#8221; _builder_version=&#8221;4.7.6&#8243; _module_preset=&#8221;default&#8221; custom_margin=&#8221;-6px|||||&#8221;][\/et_pb_image][\/et_pb_column][\/et_pb_row][\/et_pb_section][et_pb_section fb_built=&#8221;1&#8243; _builder_version=&#8221;4.7.6&#8243; _module_preset=&#8221;default&#8221; custom_padding=&#8221;2px|||||&#8221; da_disable_devices=&#8221;off|off|off&#8221; da_is_popup=&#8221;off&#8221; da_exit_intent=&#8221;off&#8221; da_has_close=&#8221;on&#8221; da_alt_close=&#8221;off&#8221; da_dark_close=&#8221;off&#8221; da_not_modal=&#8221;on&#8221; da_is_singular=&#8221;off&#8221; da_with_loader=&#8221;off&#8221; da_has_shadow=&#8221;on&#8221;][et_pb_row _builder_version=&#8221;4.7.6&#8243; _module_preset=&#8221;default&#8221;][et_pb_column type=&#8221;4_4&#8243; _builder_version=&#8221;4.7.6&#8243; _module_preset=&#8221;default&#8221;][et_pb_text _builder_version=&#8221;4.7.6&#8243; _module_preset=&#8221;default&#8221; hover_enabled=&#8221;0&#8243; sticky_enabled=&#8221;0&#8243;]<\/p>\n<h1><strong>About Us<\/strong><\/h1>\n<p><b>H\u00ebnaltank<\/b> is a company of Engineering Services and related technical consulting activities for the design and manufacture of tanks and containers in stainless steel and carbon steel, for the transport, storage and sale of fuel, urea emission reducer AUS32, with Industrial use in Aviation, Fuel Transportation, Mining, Service Stations, Construction and Lubricating Platforms installed with truck.<\/p>\n<p>[\/et_pb_text][\/et_pb_column][\/et_pb_row][et_pb_row module_id=&#8221;mision&#8221; _builder_version=&#8221;4.7.6&#8243; _module_preset=&#8221;default&#8221; custom_margin=&#8221;0px|auto||auto||&#8221;][et_pb_column type=&#8221;4_4&#8243; _builder_version=&#8221;4.7.6&#8243; _module_preset=&#8221;default&#8221;][et_pb_divider show_divider=&#8221;off&#8221; _builder_version=&#8221;4.7.6&#8243; _module_preset=&#8221;default&#8221; custom_padding=&#8221;||61px|||&#8221;][\/et_pb_divider][\/et_pb_column][\/et_pb_row][et_pb_row column_structure=&#8221;1_2,1_2&#8243; _builder_version=&#8221;4.7.6&#8243; _module_preset=&#8221;default&#8221;][et_pb_column type=&#8221;1_2&#8243; _builder_version=&#8221;4.7.6&#8243; _module_preset=&#8221;default&#8221;][et_pb_blurb title=&#8221;Mission&#8221; use_icon=&#8221;on&#8221; font_icon=&#8221;%%166%%&#8221; _builder_version=&#8221;4.7.6&#8243; _module_preset=&#8221;default&#8221; header_level=&#8221;h1&#8243; header_text_align=&#8221;center&#8221; text_orientation=&#8221;center&#8221; hover_enabled=&#8221;0&#8243; sticky_enabled=&#8221;0&#8243; icon_color=&#8221;#0C71C3&#8243;]<\/p>\n<p>Dise\u00f1ar y fabricar productos de calidad con tecnolog\u00eda e innovaci\u00f3n que se adapten a la normativa y necesidades vigentes, bajo compromiso de garant\u00eda y seguridad con precios competitivos, a trav\u00e9s de un s\u00f3lido equipo humano calificado, que se refleja en la ejecuci\u00f3n y sustentabilidad de sus proyectos.<\/p>\n<p>[\/et_pb_blurb][\/et_pb_column][et_pb_column type=&#8221;1_2&#8243; _builder_version=&#8221;4.7.6&#8243; _module_preset=&#8221;default&#8221;][et_pb_blurb title=&#8221;Vision&#8221; use_icon=&#8221;on&#8221; font_icon=&#8221;%%121%%&#8221; _builder_version=&#8221;4.7.6&#8243; _module_preset=&#8221;default&#8221; header_level=&#8221;h1&#8243; header_text_align=&#8221;center&#8221; text_orientation=&#8221;center&#8221; hover_enabled=&#8221;0&#8243; sticky_enabled=&#8221;0&#8243; icon_color=&#8221;#0C71C3&#8243;]<\/p>\n<p>To lead the market in the industry of manufacture, installation and maintenance of tanks and equipment for the transport, dispensing and storage of fuels and lubricants, focused on the quality and innovation of our products and services, providing the best experience in the sales and after sales.<\/p>\n<p>[\/et_pb_blurb][\/et_pb_column][\/et_pb_row][et_pb_row module_id=&#8221;valores&#8221; _builder_version=&#8221;4.7.6&#8243; _module_preset=&#8221;default&#8221; custom_margin=&#8221;0px|auto||auto||&#8221;][et_pb_column type=&#8221;4_4&#8243; _builder_version=&#8221;4.7.6&#8243; _module_preset=&#8221;default&#8221;][et_pb_divider show_divider=&#8221;off&#8221; _builder_version=&#8221;4.7.6&#8243; _module_preset=&#8221;default&#8221; custom_padding=&#8221;||61px|||&#8221;][\/et_pb_divider][\/et_pb_column][\/et_pb_row][et_pb_row _builder_version=&#8221;4.7.6&#8243; _module_preset=&#8221;default&#8221;][et_pb_column type=&#8221;4_4&#8243; _builder_version=&#8221;4.7.6&#8243; _module_preset=&#8221;default&#8221;][et_pb_text _builder_version=&#8221;4.7.6&#8243; _module_preset=&#8221;default&#8221; hover_enabled=&#8221;0&#8243; sticky_enabled=&#8221;0&#8243;]<\/p>\n<h1><strong>Our Values<\/strong><\/h1>\n<p>[\/et_pb_text][\/et_pb_column][\/et_pb_row][et_pb_row column_structure=&#8221;1_5,1_5,1_5,1_5,1_5&#8243; _builder_version=&#8221;4.7.6&#8243; _module_preset=&#8221;default&#8221;][et_pb_column type=&#8221;1_5&#8243; _builder_version=&#8221;4.7.6&#8243; _module_preset=&#8221;default&#8221;][et_pb_blurb title=&#8221;Commitment&#8221; image=&#8221;https:\/\/henaltank.cl\/en\/wp-content\/uploads\/2021\/01\/001-contract.png&#8221; _builder_version=&#8221;4.7.6&#8243; _module_preset=&#8221;default&#8221; header_level=&#8221;h2&#8243; header_text_align=&#8221;center&#8221; hover_enabled=&#8221;0&#8243; sticky_enabled=&#8221;0&#8243;][\/et_pb_blurb][\/et_pb_column][et_pb_column type=&#8221;1_5&#8243; _builder_version=&#8221;4.7.6&#8243; _module_preset=&#8221;default&#8221;][et_pb_blurb title=&#8221;Warranty&#8221; image=&#8221;https:\/\/henaltank.cl\/en\/wp-content\/uploads\/2021\/01\/002-ribbon.png&#8221; _builder_version=&#8221;4.7.6&#8243; _module_preset=&#8221;default&#8221; header_level=&#8221;h2&#8243; header_text_align=&#8221;center&#8221; hover_enabled=&#8221;0&#8243; sticky_enabled=&#8221;0&#8243;][\/et_pb_blurb][\/et_pb_column][et_pb_column type=&#8221;1_5&#8243; _builder_version=&#8221;4.7.6&#8243; _module_preset=&#8221;default&#8221;][et_pb_blurb title=&#8221;Social Responsability&#8221; image=&#8221;https:\/\/henaltank.cl\/en\/wp-content\/uploads\/2021\/01\/003-triangular-arrows-sign-for-recycle.png&#8221; _builder_version=&#8221;4.7.6&#8243; _module_preset=&#8221;default&#8221; header_level=&#8221;h2&#8243; header_text_align=&#8221;center&#8221; hover_enabled=&#8221;0&#8243; sticky_enabled=&#8221;0&#8243;][\/et_pb_blurb][\/et_pb_column][et_pb_column type=&#8221;1_5&#8243; _builder_version=&#8221;4.7.6&#8243; _module_preset=&#8221;default&#8221;][et_pb_blurb title=&#8221;Security&#8221; image=&#8221;https:\/\/henaltank.cl\/en\/wp-content\/uploads\/2021\/01\/004-shield.png&#8221; _builder_version=&#8221;4.7.6&#8243; _module_preset=&#8221;default&#8221; header_level=&#8221;h2&#8243; header_text_align=&#8221;center&#8221; hover_enabled=&#8221;0&#8243; sticky_enabled=&#8221;0&#8243;][\/et_pb_blurb][\/et_pb_column][et_pb_column type=&#8221;1_5&#8243; _builder_version=&#8221;4.7.6&#8243; _module_preset=&#8221;default&#8221;][et_pb_blurb title=&#8221;Trust&#8221; image=&#8221;https:\/\/henaltank.cl\/en\/wp-content\/uploads\/2021\/01\/005-trust.png&#8221; _builder_version=&#8221;4.7.6&#8243; _module_preset=&#8221;default&#8221; header_level=&#8221;h2&#8243; header_text_align=&#8221;center&#8221; hover_enabled=&#8221;0&#8243; sticky_enabled=&#8221;0&#8243;][\/et_pb_blurb][\/et_pb_column][\/et_pb_row][et_pb_row column_structure=&#8221;1_5,1_5,1_5,1_5,1_5&#8243; _builder_version=&#8221;4.7.6&#8243; _module_preset=&#8221;default&#8221;][et_pb_column type=&#8221;1_5&#8243; _builder_version=&#8221;4.7.6&#8243; _module_preset=&#8221;default&#8221;][et_pb_blurb title=&#8221;Customer Orientation&#8221; image=&#8221;https:\/\/henaltank.cl\/en\/wp-content\/uploads\/2021\/01\/006-customer.png&#8221; _builder_version=&#8221;4.7.6&#8243; _module_preset=&#8221;default&#8221; header_level=&#8221;h2&#8243; header_text_align=&#8221;center&#8221; hover_enabled=&#8221;0&#8243; sticky_enabled=&#8221;0&#8243;][\/et_pb_blurb][\/et_pb_column][et_pb_column type=&#8221;1_5&#8243; _builder_version=&#8221;4.7.6&#8243; _module_preset=&#8221;default&#8221;][et_pb_blurb title=&#8221;Transparency&#8221; image=&#8221;https:\/\/henaltank.cl\/en\/wp-content\/uploads\/2021\/01\/007-audit.png&#8221; _builder_version=&#8221;4.7.6&#8243; _module_preset=&#8221;default&#8221; header_level=&#8221;h2&#8243; header_text_align=&#8221;center&#8221; hover_enabled=&#8221;0&#8243; sticky_enabled=&#8221;0&#8243;][\/et_pb_blurb][\/et_pb_column][et_pb_column type=&#8221;1_5&#8243; _builder_version=&#8221;4.7.6&#8243; _module_preset=&#8221;default&#8221;][et_pb_blurb title=&#8221;Puntuality&#8221; image=&#8221;https:\/\/henaltank.cl\/en\/wp-content\/uploads\/2021\/01\/008-back-in-time.png&#8221; _builder_version=&#8221;4.7.6&#8243; _module_preset=&#8221;default&#8221; header_level=&#8221;h2&#8243; header_text_align=&#8221;center&#8221; hover_enabled=&#8221;0&#8243; sticky_enabled=&#8221;0&#8243;][\/et_pb_blurb][\/et_pb_column][et_pb_column type=&#8221;1_5&#8243; _builder_version=&#8221;4.7.6&#8243; _module_preset=&#8221;default&#8221;][et_pb_blurb title=&#8221;Adaptability&#8221; image=&#8221;https:\/\/henaltank.cl\/en\/wp-content\/uploads\/2021\/01\/009-roadmap.png&#8221; _builder_version=&#8221;4.7.6&#8243; _module_preset=&#8221;default&#8221; header_level=&#8221;h2&#8243; header_text_align=&#8221;center&#8221; hover_enabled=&#8221;0&#8243; sticky_enabled=&#8221;0&#8243;][\/et_pb_blurb][\/et_pb_column][et_pb_column type=&#8221;1_5&#8243; _builder_version=&#8221;4.7.6&#8243; _module_preset=&#8221;default&#8221;][et_pb_blurb title=&#8221;Closeness&#8221; image=&#8221;https:\/\/henaltank.cl\/en\/wp-content\/uploads\/2021\/01\/010-friends.png&#8221; _builder_version=&#8221;4.7.6&#8243; _module_preset=&#8221;default&#8221; header_level=&#8221;h2&#8243; header_text_align=&#8221;center&#8221; hover_enabled=&#8221;0&#8243; sticky_enabled=&#8221;0&#8243;][\/et_pb_blurb][\/et_pb_column][\/et_pb_row][\/et_pb_section]<\/p>\n","protected":false},"excerpt":{"rendered":"<p>[et_pb_section fb_built=&#8221;1&#8243; _builder_version=&#8221;4.7.6&#8243; _module_preset=&#8221;default&#8221; custom_padding=&#8221;4px||10px|||&#8221; da_disable_devices=&#8221;off|off|off&#8221; da_is_popup=&#8221;off&#8221; da_exit_intent=&#8221;off&#8221; da_has_close=&#8221;on&#8221; da_alt_close=&#8221;off&#8221; da_dark_close=&#8221;off&#8221; da_not_modal=&#8221;on&#8221; da_is_singular=&#8221;off&#8221; da_with_loader=&#8221;off&#8221; da_has_shadow=&#8221;on&#8221;][et_pb_row _builder_version=&#8221;4.7.6&#8243; _module_preset=&#8221;default&#8221; background_color=&#8221;#c9c9c9&#8243; width=&#8221;100{d01df5ed62fb396c47b4c478439960f5cd80027727765a84598d15b9032f8564}&#8221; custom_padding=&#8221;6px||4px|||&#8221;][et_pb_column type=&#8221;4_4&#8243; _builder_version=&#8221;4.7.6&#8243; _module_preset=&#8221;default&#8221;][et_pb_text _builder_version=&#8221;4.7.6&#8243; _module_preset=&#8221;default&#8221;] \u00a0 \ue076 ventas@henaltank.cl\u00a0 \u00a0\u00a0\ue00b\u00a0+56 9 4948 8083 [\/et_pb_text][\/et_pb_column][\/et_pb_row][et_pb_row column_structure=&#8221;3_5,2_5&#8243; use_custom_gutter=&#8221;on&#8221; gutter_width=&#8221;1&#8243; _builder_version=&#8221;4.7.6&#8243; _module_preset=&#8221;default&#8221; width=&#8221;100{d01df5ed62fb396c47b4c478439960f5cd80027727765a84598d15b9032f8564}&#8221;][et_pb_column type=&#8221;3_5&#8243; _builder_version=&#8221;4.7.6&#8243; _module_preset=&#8221;default&#8221;][et_pb_image src=&#8221;https:\/\/henaltank.cl\/en\/wp-content\/uploads\/2021\/01\/logo-henaltank.png&#8221; title_text=&#8221;logo henaltank&#8221; _builder_version=&#8221;4.7.6&#8243; _module_preset=&#8221;default&#8221; custom_margin=&#8221;||-9px|||&#8221;][\/et_pb_image][\/et_pb_column][et_pb_column type=&#8221;2_5&#8243; _builder_version=&#8221;4.7.6&#8243; _module_preset=&#8221;default&#8221;][et_pb_text _builder_version=&#8221;4.7.6&#8243; _module_preset=&#8221;default&#8221; custom_margin=&#8221;|||100px|false|false&#8221; custom_margin_tablet=&#8221;&#8221; [&hellip;]<\/p>\n","protected":false},"author":2,"featured_media":0,"parent":0,"menu_order":0,"comment_status":"closed","ping_status":"closed","template":"","meta":{"_et_pb_use_builder":"on","_et_pb_old_content":"","_et_gb_content_width":""},"_links":{"self":[{"href":"https:\/\/henaltank.cl\/en\/wp-json\/wp\/v2\/pages\/118"}],"collection":[{"href":"https:\/\/henaltank.cl\/en\/wp-json\/wp\/v2\/pages"}],"about":[{"href":"https:\/\/henaltank.cl\/en\/wp-json\/wp\/v2\/types\/page"}],"author":[{"embeddable":true,"href":"https:\/\/henaltank.cl\/en\/wp-json\/wp\/v2\/users\/2"}],"replies":[{"embeddable":true,"href":"https:\/\/henaltank.cl\/en\/wp-json\/wp\/v2\/comments?post=118"}],"version-history":[{"count":21,"href":"https:\/\/henaltank.cl\/en\/wp-json\/wp\/v2\/pages\/118\/revisions"}],"predecessor-version":[{"id":732,"href":"https:\/\/henaltank.cl\/en\/wp-json\/wp\/v2\/pages\/118\/revisions\/732"}],"wp:attachment":[{"href":"https:\/\/henaltank.cl\/en\/wp-json\/wp\/v2\/media?parent=118"}],"curies":[{"name":"wp","href":"https:\/\/api.w.org\/{rel}","templated":true}]}}